{"id":242,"date":"2021-02-10T15:56:08","date_gmt":"2021-02-10T15:56:08","guid":{"rendered":"http:\/\/www.elgen.dk\/?page_id=242"},"modified":"2021-02-25T09:20:30","modified_gmt":"2021-02-25T09:20:30","slug":"elgvits","status":"publish","type":"page","link":"https:\/\/www.elgen.dk\/?page_id=242","title":{"rendered":"Elgvits"},"content":{"rendered":"\n<p><strong>&#8220;Den har aldrig levet, som klog p\u00e5 elgen er blevet, uden f\u00f8rst at have den k\u00e6r..&#8221;<\/strong>\u00a0 \u00a0 \u00a0 \u00a0 \u00a0 \u00a0 \u00a0 \u00a0 \u00a0 \u00a0 \u00a0 \u00a0 \u00a0 \u00a0 \u00a0 \u00a0 \u00a0 \u00a0 \u00a0 \u00a0 \u00a0 \u00a0 \u00a0 \u00a0 \u00a0 \u00a0 \u00a0 \u00a0 \u00a0 \u00a0 \u00a0 \u00a0 \u00a0 \u00a0 \u00a0 \u00a0\u00a0<strong>\u00a0 \u00a0 \u00a0 \u00a0 \u00a0 \u00a0 \u00a0 \u00a0 \u00a0 \u00a0 \u00a0 \u00a0 \u00a0 \u00a0 \u00a0 \u00a0 \u00a0 \u00a0 \u00a0 \u00a0 \u00a0 \u00a0 \u00a0 \u00a0 \u00a0 \u00a0 \u00a0 \u00a0 \u00a0 \u00a0 \u00a0 \u00a0 \u00a0 \u00a0 \u00a0 \u00a0 \u00a0 \u00a0 \u00a0 \u00a0 \u00a0 N.F.S.Grundtvig<\/strong><\/p>\n\n\n\n<hr class=\"wp-block-separator\"\/>\n\n\n\n<p><strong>H\u00f8rt i Sverige: &#8220;Hvordan vil du beskrive den elg du s\u00e5, J\u00f6nson?&#8221;. &#8220;Tja&#8230; som en ko med tv-antenne.&#8221;&nbsp;&nbsp;<\/strong><\/p>\n\n\n\n<figure class=\"wp-block-image size-large is-style-default\"><img loading=\"lazy\" decoding=\"async\" width=\"400\" height=\"350\" src=\"https:\/\/www.elgen.dk\/wp-content\/uploads\/2021\/02\/orangeelg.gif\" alt=\"\" class=\"wp-image-251\"\/><\/figure>\n\n\n\n<hr class=\"wp-block-separator\"\/>\n\n\n\n<p><strong>To venner tager hvert \u00e5r p\u00e5 elgjagt i Norge, men har hverken held til at se eller skyde en elg. Efter mange \u00e5r f\u00e5r de en god ide: De f\u00e5r lavet et meget livagtig elgko kostume, og de l\u00e6rer sig elgkoens parringskald. Ideen er s\u00e5 at de gemmer sig i kostumet, tiltr\u00e6kker elgtyren, kommer ud af dragten, og skyder den.<\/strong><br \/><br \/><strong>S\u00e5 de stiller sig op i kanten af en lysning i deres elgdragt og begynder p\u00e5 parringskaldet. inden l\u00e6nge bliver kaldet besvaret at en elgtyr, som kommer n\u00e6rmere og n\u00e6rmere. Da den til sidst kommer bragende ud i lysningen mod dem, siger manden som er forrest i kostumet:&#8221; Ok, lad os komme ud og ta&#8217; den&#8221;.<\/strong><br \/><br \/><strong>Efter et \u00f8jeblik som f\u00f8les som en evighed, r\u00e5ber hans ven bagi: &#8220;Lynl\u00e5sen sidder fast, Hvad g\u00f8r vi nu?&#8221;<\/strong><br \/><br \/><strong>Fyren foran siger efter en kort bet\u00e6nkningstid: &#8220;Jeg tror at jeg begynder at spise lidt gr\u00e6s, men det kan godt v\u00e6re du skal stive dig selv lidt af deromme&#8221;<\/strong><\/p>\n\n\n\n<p>Tak til Hannes fra Texas<\/p>\n\n\n\n<hr class=\"wp-block-separator\"\/>\n\n\n\n<p><strong>En dansk j\u00e6ger der havde v\u00e6ret inviteret p\u00e5 elgjagt i Sverige, overvintrede med med en behagelig f\u00f8lelse indtil hans kone en dag sagde: &#8220;Den elg du sk\u00f8d efter sidste \u00e5r, har lige ringet og sagt at hun er gravid og skal f\u00f8de i juli m\u00e5ned&#8221;.<\/strong><\/p>\n\n\n\n<hr class=\"wp-block-separator\"\/>\n\n\n\n<p><strong>En Zoologisk have s\u00f8gte nye medarbejdere, der var mange ans\u00f8gere og der blev valgt 2 ud. De kom til samtale og det viste sig at de var lige gode. De besluttede sig til at tr\u00e6kke lod om ans\u00e6ttelsen. Vinderen blev straks ansat mens den anden gik. Han n\u00e5ede dog ikke helt ud f\u00f8r direkt\u00f8ren kaldte p\u00e5 ham. Han fortalte at gorillaen, den st\u00f8rste sev\u00e6rdighed i haven, lige var d\u00f8d, og hvis han ville, kunne han f\u00e5 dens plads indtil de fik fat i en ny. Ans\u00f8geren indvilligede og fik straks pelsen p\u00e5 og gik ind i buret. I l\u00f8bet af nogle dage klarede han det rigtigt godt og svingende sig i tovene og tr\u00e6erne, men en dag blev han overmodig. Han svingende sig med fuld fart op i et af tr\u00e6erne, grenen kn\u00e6kkede, og han r\u00f8g lige igennem v\u00e6ggen og ud p\u00e5 et \u00e5bent areal hvor der gik en gammel sur elgtyr. Tyren for efter ham og han blev jaget rundt p\u00e5 hele arealet, men n\u00e5ede lige at klatre op i et tr\u00e6. Her begyndte han at r\u00e5be h\u00f8jt om hj\u00e6lp indtil elgen sagde: &#8220;Hold nu mund din idiot, vil du have os alle sammen fyret&#8221;.<\/strong><\/p>\n\n\n\n<hr class=\"wp-block-separator\"\/>\n\n\n\n<p><strong>P\u00e5 en strand i \u00d8stjylland finder to venner en livl\u00f8s elg i vandkanten, de beslutter sig til at pr\u00f8ve at genoplive den. De finder en plastslange og den ene stikker den op bagi. Han puster og puster, men der sker tilsyneladende ingenting. Den anden siger, &#8220;Lad mig pr\u00f8ve&#8221;. Han tager slangen, vender den om og stikker den ind i munden p\u00e5 elgen og puster. Den f\u00f8rste sp\u00f8rger, &#8220;Hvorfor vendte du slangen om, jeg havde den jo oppe bagi elgen&#8221;. &#8220;Tror du at jeg vil puste i den samme ende som du har slikket p\u00e5&#8221;.<\/strong><\/p>\n\n\n\n<hr class=\"wp-block-separator\"\/>\n\n\n\n<p><strong>En elgj\u00e6ger og hans jagtkammerat var p\u00e5 vej ind over fjeldet da j\u00e6geren siger: Jeg er jo en kraftig mand p\u00e5 over 100 kg. &#8220;Hvad ville du g\u00f8re hvis jeg fik hjerteproblemer eller br\u00e6kkede et ben&#8221;. &#8220;Det er ikke noget problem&#8221; svarede kammeraten, &#8221; I fjor sk\u00f8d jeg en elgtyr p\u00e5 400 kg. og fik den ned uden problemer&#8221;. Tydeligt imponeret sp\u00f8rger j\u00e6geren: &#8220;Hvordan i alverden klarede du det&#8221;. &#8220;Jeg gik syv ture frem og tilbage&#8221;.<\/strong><\/p>\n\n\n\n<hr class=\"wp-block-separator\"\/>\n\n\n\n<p><strong>To danske j\u00e6gere var p\u00e5 elgjagt i Sverige. Lommel\u00e6rken var for l\u00e6ngst blevet t\u00f8mt og de var i en p\u00e6nt uforsvarlig tilstand. Pludselig ser den ene j\u00e6ger en elg, l\u00e6gger sin riffel til kinden og skyder. Dyret falder omkuld og begge m\u00e6nd stormer hen til det nedlagte bytte. Men &#8230; det viser sig desv\u00e6rre, at de har skudt en svensk j\u00e6ger. Nu er gode r\u00e5d dyre, Og den ene j\u00e6ger siger: &#8220;Ska&#8217; vi ikke bare smide ham i elven ? Jo fin ide&#8221;.<\/strong><\/p>\n\n\n\n<p><strong>De tager den arme svensker i arme og ben, og begynder at svinge ham 1-2 &nbsp; &#8220;STOP, STOP, STOP&#8221; r\u00e5ber den ene j\u00e6ger, &#8221; Vi skal da lige se om han har nogle kontanter p\u00e5 sig&#8221;. De begynder at rode rundt i hans lommer, og finder en pung med 10.000kr. Den j\u00e6ger der sk\u00f8d ham begynder straks at proppe alle pengene i lommen, den anden j\u00e6ger begynder at brokke sig, &#8220;Skal vi ikke dele alle de penge?&#8221;, &#8220;Nej du m\u00e5 da selv finde dig en&#8221;.<\/strong><\/p>\n\n\n\n<p><strong>Tak til Jan for en j\u00e6gerhistorie, der ikke g\u00e5r ud over uskyldige dyr.<\/strong><\/p>\n\n\n\n<hr class=\"wp-block-separator\"\/>\n\n\n\n<p><strong>Det var den gamle svenske konge, der var taget p\u00e5 elgjagt; en klapjagt, hvor klappernes opgave var at jage elgen ud af skoven hen imod kongen, som stod klar til at skyde. Problemet var imidlertid, at klapperne var meget nerv\u00f8se, fordi den gamle konges syn ikke var s\u00e5 godt mere. Der blev indledt forhandlinger, og til sidst enedes man om, at klapperne, n\u00e5r de kom ud af skoven skulle r\u00e5be &#8220;Jag \u00e4r inte \u00e4lgen, jag \u00e4r inte \u00e4lgen!&#8221;<\/strong><\/p>\n\n\n\n<p><strong>Det afgjorde sagen &#8211; klapperne gik i arbejde.<\/strong><\/p>\n\n\n\n<p><strong>Ud af skoven kom de s\u00e5, b\u00e5de elge og klappere. Den gamle konge sk\u00f8d og ramte &#8211; en klapper.<\/strong><\/p>\n\n\n\n<p><strong>Hans f\u00f8lge n\u00e6rmest r\u00e5bte ad ham: hvordan kunne han finde p\u00e5 at skyde p\u00e5 en klapper &#8211; han r\u00e5bte jo : &#8220;Jag \u00e4r inte \u00e4lgen!&#8221;<\/strong><\/p>\n\n\n\n<p><strong>&#8220;Aha&#8221;, sagde den gamle konge, &#8221; mig tycktes han ropade: &#8220;Jag \u00e4r \u00e4lgen, jag \u00e4r \u00e4lgen!&#8221;&#8221;.<br \/><br \/><\/strong>Tak til Peter Sten Hansen for en vittighed mere, der ikke g\u00e5r ud over uskyldige dyr.<\/p>\n\n\n\n<p><strong>Kongen fortsatte imidlertid jagten, og senere s\u00e5 han en stor elg p\u00e5 en \u00e5ben mark, han fyrede gev\u00e6ret af. Det viste sig at v\u00e6re en traktor, og bonden der k\u00f8rte den sprang for livet. Straks r\u00e5bte kongen &#8221; S\u00e5 skyd da kalven ogs\u00e5 for fan &#8220;.<br \/><br \/><\/strong>Tak til Henrik.<\/p>\n\n\n\n<hr class=\"wp-block-separator\"\/>\n\n\n\n<p><strong>Tre statistikere er p\u00e5 jagt i de svenske skove og m\u00f8der en elg. Den f\u00f8rste statistiker skyder, men rammer en meter ved siden af, til venstre. Den anden statistiker skyder, men rammer en meter ved siden af, til h\u00f8jre. Den tredje statistiker skyder ikke, men r\u00e5ber: &#8220;Vi fik den &#8211; vi fik den!!&#8221; &#8211;<\/strong><\/p>\n\n\n\n<hr class=\"wp-block-separator\"\/>\n\n\n\n<p><strong>Hvordan finder elgtyren en flok elgk\u00f8er i det t\u00e6tte buskads? &nbsp; Jo, den finder dem ganske attraktive.<\/strong><\/p>\n\n\n\n<hr class=\"wp-block-separator\"\/>\n\n\n\n<p><strong>To j\u00e6gere st\u00e5r og snakker. Den ene j\u00e6ger siger: -&#8220;I g\u00e5r sk\u00f8d jeg en elg med<br \/>jagtgev\u00e6r p\u00e5 tre hundrede meter.&#8221;<br \/>Den anden j\u00e6ger siger: -&#8221; Det ka&#8217; da heller ikke ha&#8217; v\u00e6ret s\u00e5 sv\u00e6rt, n\u00e5r du har<br \/>et gev\u00e6r, der er s\u00e5 langt.&#8221;<br \/>Den f\u00f8rste j\u00e6ger siger s\u00e5: -&#8221; Nej, nej. Du misforst\u00e5r. Med et jagtgev\u00e6r sk\u00f8d<br \/>jeg en elg p\u00e5 tre hundrede meter.&#8221;<br \/>-&#8221; Pjat,&#8221; siger den anden j\u00e6ger og forts\u00e6tter &#8220;s\u00e5 store elge findes der nemlig<br \/>slet ikke.&#8221;<br \/>Den f\u00f8rste j\u00e6ger var efterh\u00e5nden ved at v\u00e6re irriteret og forklarer: -&#8221; Alts\u00e5,<br \/>p\u00e5 tre hundrede meters afstand sk\u00f8d jeg en elg med et jagtgev\u00e6r.&#8221;<br \/>-&#8221; N\u00e5. S\u00e5 var det da godt, at det var dig, som sk\u00f8d f\u00f8rst!&#8221;<\/strong><strong><br \/><\/strong><br \/>Tak til Fie, man m\u00e5 h\u00e5be at han i virkeligheden ramte ved siden af.<\/p>\n\n\n\n<hr class=\"wp-block-separator\"\/>\n\n\n\n<p><strong>To danske fyre er p\u00e5 ferie i Sverige, de bor langt ude p\u00e5 landet hos nogle bekendte. Da de har holdt ferie et par dage, begynder de at kede sig og beslutter til at tage til byen . I avisen ser de at der krebsegilde i en by ca. 60 km. v\u00e6k. De l\u00e5ner en gammel motorcykel og k\u00f8rer af sted. Da de har k\u00f8rt et godt stykke af vejen begynder motorcyklen at s\u00e6tte ud, og da der ikke er nogen huse i n\u00e6rheden, forts\u00e6tter de mens motorcyklen hoster. Efter et stykke tid s\u00e6tter den dog helt ud, og de stiller motorcyklen fra sig. Pludselig h\u00f8rer de en lyd inde fra skoven, en elg g\u00e5r ganske roligt omkring og kigger p\u00e5 dem. Den kommer n\u00e6rmere og n\u00e6rmere, og til sidst st\u00e5r den lige op ad motorcyklen og kigger p\u00e5 den. Nu siger den med dyb stemme &#8220;Det er str\u00f8mfordeleren det er galt med&#8221;, de to venner kigger p\u00e5 hinanden og tr\u00e6kker motorcyklen et stykke vej, f\u00f8r de ser et hus. Da det efterh\u00e5nden er blevet sent, banker de forsigtigt p\u00e5, og en mand lukker op, de s\u00e6tter ham ind i situationen, og sp\u00f8rger om han har en ny str\u00f8mfordeler. Det har han tilf\u00e6ldigvis, og han sp\u00f8rger s\u00e5 hvorfor, de tror det er str\u00f8mfordeleren det er galt med, de forklarer s\u00e5 det med elgen. &#8220;N\u00e5, den elg&#8221;, siger manden, &#8220;den skal i ikke stole p\u00e5, den har overhovedet ikke forstand p\u00e5 motorcykler&#8221;.<\/strong><\/p>\n\n\n\n<hr class=\"wp-block-separator\"\/>\n\n\n\n<p><strong>Den f\u00f8rste dag p\u00e5 elgjagten satte en j\u00e6ger 30 sorte og hvide b\u00e5nd fast p\u00e5 sin tr\u00f8je. Men da han kom ud i skoven, blev han alligevel skudt i armen af en j\u00e6ger fra \u00c5rhus.<br \/>P\u00e5 sygehuset blev skytten sk\u00e6ldt ud af en l\u00e6ge.<br \/>&#8220;Hvordan i alverden kunne De tro, at han var en elg?&#8221; sagde l\u00e6gen vredt, &#8220;De sorte og hvide b\u00e5nd kunne da ses p\u00e5 lang afstand!&#8221;<br \/>\u00c5rhusianeren stirrede ned i gulvet, r\u00f8mmede sig og sagde: &#8220;Jeg troede, at det var en zebra!&#8221;<\/strong><\/p>\n\n\n\n<hr class=\"wp-block-separator\"\/>\n\n\n\n<p><strong>En j\u00e6ger der har st\u00e5et og ventet p\u00e5 elgen i 8 timer, og er godt tr\u00e6t, f\u00e5r en fugleklat lige oven i hovedet. Stille siger han for sig selv: &#8220;Godt at elgene ikke har vinger&#8221;<\/strong>&nbsp; &nbsp; &nbsp; &nbsp; &nbsp; &nbsp; &nbsp; &nbsp; &nbsp; &nbsp; &nbsp; &nbsp; &nbsp; &nbsp; &nbsp; &nbsp; &nbsp; &nbsp; &nbsp; &nbsp; &nbsp;&nbsp;<\/p>\n\n\n\n<figure class=\"wp-block-image size-large is-style-default\"><img loading=\"lazy\" decoding=\"async\" width=\"276\" height=\"120\" src=\"https:\/\/www.elgen.dk\/wp-content\/uploads\/2021\/02\/google-elg.gif\" alt=\"\" class=\"wp-image-253\"\/><\/figure>\n\n\n\n<figure class=\"wp-block-image size-large is-style-default\"><img loading=\"lazy\" decoding=\"async\" width=\"208\" height=\"79\" src=\"https:\/\/www.elgen.dk\/wp-content\/uploads\/2021\/02\/elgoog.jpg\" alt=\"\" class=\"wp-image-254\"\/><\/figure>\n\n\n\n<p><\/p>\n","protected":false},"excerpt":{"rendered":"<p>&#8220;Den har aldrig levet, som klog p\u00e5 elgen er blevet, uden f\u00f8rst at have den k\u00e6r..&#8221;\u00a0 \u00a0 \u00a0 \u00a0 \u00a0 \u00a0 \u00a0 \u00a0 \u00a0 \u00a0 \u00a0 \u00a0 \u00a0 \u00a0 \u00a0 \u00a0 \u00a0 \u00a0 \u00a0 \u00a0 \u00a0 \u00a0 \u00a0 \u00a0 \u00a0 \u00a0 \u00a0 \u00a0 \u00a0 \u00a0 \u00a0 \u00a0 \u00a0 \u00a0 \u00a0 \u00a0\u00a0\u00a0 \u00a0 \u00a0 \u00a0 \u00a0 &#8230; <a title=\"Elgvits\" class=\"read-more\" href=\"https:\/\/www.elgen.dk\/?page_id=242\" aria-label=\"More on Elgvits\">L\u00e6s mere <\/a><\/p>\n","protected":false},"author":1,"featured_media":0,"parent":0,"menu_order":0,"comment_status":"closed","ping_status":"closed","template":"","meta":{"ngg_post_thumbnail":0,"footnotes":""},"class_list":["post-242","page","type-page","status-publish"],"jetpack_sharing_enabled":true,"_links":{"self":[{"href":"https:\/\/www.elgen.dk\/index.php?rest_route=\/wp\/v2\/pages\/242","targetHints":{"allow":["GET"]}}],"collection":[{"href":"https:\/\/www.elgen.dk\/index.php?rest_route=\/wp\/v2\/pages"}],"about":[{"href":"https:\/\/www.elgen.dk\/index.php?rest_route=\/wp\/v2\/types\/page"}],"author":[{"embeddable":true,"href":"https:\/\/www.elgen.dk\/index.php?rest_route=\/wp\/v2\/users\/1"}],"replies":[{"embeddable":true,"href":"https:\/\/www.elgen.dk\/index.php?rest_route=%2Fwp%2Fv2%2Fcomments&post=242"}],"version-history":[{"count":5,"href":"https:\/\/www.elgen.dk\/index.php?rest_route=\/wp\/v2\/pages\/242\/revisions"}],"predecessor-version":[{"id":450,"href":"https:\/\/www.elgen.dk\/index.php?rest_route=\/wp\/v2\/pages\/242\/revisions\/450"}],"wp:attachment":[{"href":"https:\/\/www.elgen.dk\/index.php?rest_route=%2Fwp%2Fv2%2Fmedia&parent=242"}],"curies":[{"name":"wp","href":"https:\/\/api.w.org\/{rel}","templated":true}]}}