{"id":285,"date":"2021-02-14T18:59:20","date_gmt":"2021-02-14T18:59:20","guid":{"rendered":"http:\/\/www.elgen.dk\/?page_id=285"},"modified":"2023-02-05T08:05:50","modified_gmt":"2023-02-05T08:05:50","slug":"velkommen-til-elgen-egen-side-paa-nettet","status":"publish","type":"page","link":"https:\/\/www.elgen.dk\/","title":{"rendered":"Hjem"},"content":{"rendered":"\n<div class=\"wp-block-jetpack-tiled-gallery alignwide is-style-rectangular\"><div class=\"tiled-gallery__gallery\"><div class=\"tiled-gallery__row\"><div class=\"tiled-gallery__col\" style=\"flex-basis:100.00000%\"><figure class=\"tiled-gallery__item\"><img decoding=\"async\" srcset=\"https:\/\/i1.wp.com\/www.elgen.dk\/wp-content\/uploads\/2021\/02\/Elgtilbanner-1024x647.gif?strip=info&#038;w=600 600w,https:\/\/i1.wp.com\/www.elgen.dk\/wp-content\/uploads\/2021\/02\/Elgtilbanner-1024x647.gif?strip=info&#038;w=900 900w,https:\/\/i1.wp.com\/www.elgen.dk\/wp-content\/uploads\/2021\/02\/Elgtilbanner-1024x647.gif?strip=info&#038;w=1200 1200w,https:\/\/i1.wp.com\/www.elgen.dk\/wp-content\/uploads\/2021\/02\/Elgtilbanner-1024x647.gif?strip=info&#038;w=1500 1500w,https:\/\/i1.wp.com\/www.elgen.dk\/wp-content\/uploads\/2021\/02\/Elgtilbanner-1024x647.gif?strip=info&#038;w=1800 1800w,https:\/\/i1.wp.com\/www.elgen.dk\/wp-content\/uploads\/2021\/02\/Elgtilbanner-1024x647.gif?strip=info&#038;w=2000 2000w\" alt=\"\" data-height=\"1617\" data-id=\"414\" data-link=\"https:\/\/www.elgen.dk\/?attachment_id=414\" data-url=\"https:\/\/www.elgen.dk\/wp-content\/uploads\/2021\/02\/Elgtilbanner-1024x647.gif\" data-width=\"2560\" src=\"https:\/\/i1.wp.com\/www.elgen.dk\/wp-content\/uploads\/2021\/02\/Elgtilbanner-1024x647.gif\" data-amp-layout=\"responsive\"\/><\/figure><\/div><\/div><\/div><\/div>\n\n\n\n<p>Elgen har i alt for mange \u00e5r ikke v\u00e6ret et velkommen i den danske natur, dette vil Dansk Elgforbund g\u00f8re noget ved. Vi arbejder for genindf\u00f8relsen af elgen i de danske skove.<\/p>\n\n\n\n<div class=\"wp-block-columns is-layout-flex wp-container-core-columns-is-layout-1 wp-block-columns-is-layout-flex\">\n<div class=\"wp-block-column is-layout-flow wp-block-column-is-layout-flow\"><\/div>\n\n\n\n<div class=\"wp-block-column is-layout-flow wp-block-column-is-layout-flow\"><\/div>\n<\/div>\n","protected":false},"excerpt":{"rendered":"<p>Elgen har i alt for mange \u00e5r ikke v\u00e6ret et velkommen i den danske natur, dette vil Dansk Elgforbund g\u00f8re noget ved. Vi arbejder for genindf\u00f8relsen af elgen i de danske skove.<\/p>\n","protected":false},"author":1,"featured_media":0,"parent":0,"menu_order":0,"comment_status":"closed","ping_status":"closed","template":"","meta":{"ngg_post_thumbnail":0,"footnotes":""},"class_list":["post-285","page","type-page","status-publish"],"jetpack_sharing_enabled":true,"_links":{"self":[{"href":"https:\/\/www.elgen.dk\/index.php?rest_route=\/wp\/v2\/pages\/285","targetHints":{"allow":["GET"]}}],"collection":[{"href":"https:\/\/www.elgen.dk\/index.php?rest_route=\/wp\/v2\/pages"}],"about":[{"href":"https:\/\/www.elgen.dk\/index.php?rest_route=\/wp\/v2\/types\/page"}],"author":[{"embeddable":true,"href":"https:\/\/www.elgen.dk\/index.php?rest_route=\/wp\/v2\/users\/1"}],"replies":[{"embeddable":true,"href":"https:\/\/www.elgen.dk\/index.php?rest_route=%2Fwp%2Fv2%2Fcomments&post=285"}],"version-history":[{"count":18,"href":"https:\/\/www.elgen.dk\/index.php?rest_route=\/wp\/v2\/pages\/285\/revisions"}],"predecessor-version":[{"id":500,"href":"https:\/\/www.elgen.dk\/index.php?rest_route=\/wp\/v2\/pages\/285\/revisions\/500"}],"wp:attachment":[{"href":"https:\/\/www.elgen.dk\/index.php?rest_route=%2Fwp%2Fv2%2Fmedia&parent=285"}],"curies":[{"name":"wp","href":"https:\/\/api.w.org\/{rel}","templated":true}]}}