{"id":296,"date":"2021-02-15T12:29:31","date_gmt":"2021-02-15T12:29:31","guid":{"rendered":"http:\/\/www.elgen.dk\/?page_id=296"},"modified":"2021-02-25T07:06:40","modified_gmt":"2021-02-25T07:06:40","slug":"vedtaegter","status":"publish","type":"page","link":"https:\/\/www.elgen.dk\/?page_id=296","title":{"rendered":"Vedt\u00e6gter"},"content":{"rendered":"\n<p><strong>Vedt\u00e6gter:&nbsp;&nbsp; &nbsp; &nbsp; &nbsp; &nbsp; &nbsp; &nbsp; &nbsp; &nbsp; &nbsp; &nbsp; &nbsp; &nbsp; &nbsp; &nbsp; &nbsp; &nbsp; &nbsp; Klintebjerg d. 19-01-02<\/strong><\/p>\n\n\n\n<ol class=\"wp-block-list\" type=\"1\"><li><strong>Forbundets navn: &nbsp; &nbsp; &nbsp; Dansk Elgforbund.<\/strong><\/li><li><strong>Forbundets form\u00e5l: &nbsp; &nbsp; Forbundets form\u00e5l er at f\u00e5 elgen tilbage til de danske skove.<\/strong><\/li><li><strong>Der kan kun optages m\u00e6nd. &#8220;Det er nemmest at styre, n\u00e5r vi kun er tyre.&#8221;<\/strong><\/li><li><strong>Dansk Elgforbunds ungdomsafdeling er for alle medlemmer under 40 \u00e5r.<\/strong><\/li><li><strong>For at blive optaget i Dansk Elgforbund skal man g\u00f8re noget for at f\u00e5 elgen tilbage, eller g\u00f8re noget for forbundet. Alle medlemmer kan tage en aspirant med til m\u00f8der. Bestyrelsen skal i alle tilf\u00e6lde godkende optagelsen. &nbsp; &nbsp; &nbsp; &nbsp; &nbsp; &nbsp; &nbsp; &nbsp; &nbsp; &nbsp; &nbsp; &nbsp; &nbsp; &nbsp; &nbsp; &nbsp; &nbsp; &nbsp; &nbsp;<\/strong><\/li><li><strong>Generalforsamling afholdes i januar m\u00e5ned, i Klintebjerg.<\/strong><\/li><\/ol>\n\n\n\n<p><strong>&nbsp; &nbsp; &nbsp; &nbsp; &nbsp; &nbsp; &nbsp; S\u00e5ledes vedtaget p\u00e5 generalforsamlingen 19-01-02.<\/strong><\/p>\n\n\n\n<figure class=\"wp-block-image size-large is-style-default\"><img loading=\"lazy\" decoding=\"async\" width=\"400\" height=\"350\" src=\"https:\/\/www.elgen.dk\/wp-content\/uploads\/2021\/02\/kalv.gif\" alt=\"\" class=\"wp-image-340\"\/><\/figure>\n\n\n\n<p><\/p>\n","protected":false},"excerpt":{"rendered":"<p>Vedt\u00e6gter:&nbsp;&nbsp; &nbsp; &nbsp; &nbsp; &nbsp; &nbsp; &nbsp; &nbsp; &nbsp; &nbsp; &nbsp; &nbsp; &nbsp; &nbsp; &nbsp; &nbsp; &nbsp; &nbsp; Klintebjerg d. 19-01-02 Forbundets navn: &nbsp; &nbsp; &nbsp; Dansk Elgforbund. Forbundets form\u00e5l: &nbsp; &nbsp; Forbundets form\u00e5l er at f\u00e5 elgen tilbage til de danske skove. Der kan kun optages m\u00e6nd. &#8220;Det er nemmest at styre, n\u00e5r vi &#8230; <a title=\"Vedt\u00e6gter\" class=\"read-more\" href=\"https:\/\/www.elgen.dk\/?page_id=296\" aria-label=\"More on Vedt\u00e6gter\">L\u00e6s mere <\/a><\/p>\n","protected":false},"author":1,"featured_media":0,"parent":0,"menu_order":0,"comment_status":"closed","ping_status":"closed","template":"","meta":{"ngg_post_thumbnail":0,"footnotes":""},"class_list":["post-296","page","type-page","status-publish"],"jetpack_sharing_enabled":true,"_links":{"self":[{"href":"https:\/\/www.elgen.dk\/index.php?rest_route=\/wp\/v2\/pages\/296","targetHints":{"allow":["GET"]}}],"collection":[{"href":"https:\/\/www.elgen.dk\/index.php?rest_route=\/wp\/v2\/pages"}],"about":[{"href":"https:\/\/www.elgen.dk\/index.php?rest_route=\/wp\/v2\/types\/page"}],"author":[{"embeddable":true,"href":"https:\/\/www.elgen.dk\/index.php?rest_route=\/wp\/v2\/users\/1"}],"replies":[{"embeddable":true,"href":"https:\/\/www.elgen.dk\/index.php?rest_route=%2Fwp%2Fv2%2Fcomments&post=296"}],"version-history":[{"count":5,"href":"https:\/\/www.elgen.dk\/index.php?rest_route=\/wp\/v2\/pages\/296\/revisions"}],"predecessor-version":[{"id":442,"href":"https:\/\/www.elgen.dk\/index.php?rest_route=\/wp\/v2\/pages\/296\/revisions\/442"}],"wp:attachment":[{"href":"https:\/\/www.elgen.dk\/index.php?rest_route=%2Fwp%2Fv2%2Fmedia&parent=296"}],"curies":[{"name":"wp","href":"https:\/\/api.w.org\/{rel}","templated":true}]}}