{"id":300,"date":"2021-02-15T12:38:57","date_gmt":"2021-02-15T12:38:57","guid":{"rendered":"http:\/\/www.elgen.dk\/?page_id=300"},"modified":"2021-02-20T14:07:02","modified_gmt":"2021-02-20T14:07:02","slug":"politik","status":"publish","type":"page","link":"https:\/\/www.elgen.dk\/?page_id=300","title":{"rendered":"Politik"},"content":{"rendered":"\n<p>&nbsp;<strong>Rimelige krav.<\/strong><br>Det har vist sig, hvad vi i Dansk Elgforbund hele tiden har vidst, at der er plads til elge i Danmark. Vi hilser med gl\u00e6de den nye unders\u00f8gelse fra DMU. (Danmarks Milj\u00f8 Unders\u00f8gelse) velkommen. Vi er dog kede af at der efter deres mening ikke er plads til elge p\u00e5 Fyn, idet vi har hoveds\u00e6det her. I Dansk Elgforbund er vi fuldst\u00e6ndig overbeviste om at der er plads i Otterup-omr\u00e5det, idet omr\u00e5det er tyndt befolket og der er rekreative omr\u00e5der, som vi mener at elgen kan trives i.<\/p>\n\n\n\n<p>Med den fortsatte tendens, hvor folk flytter fra land til by, mener vi at der p\u00e5 sigt ogs\u00e5 vil v\u00e6re plads til elge mange andre steder i Danmark. Vi kan kun \u00f8nske at afvandringen forts\u00e6tter s\u00e5 det bliver muligt at indhegne byerne. Da vil elgene kunne vandre frit i resten af landet.<br>Derved er det muligt at prale og sige til en svensker at der ikke findes elge i K\u00f8benhavn, \u00c5rhus, Odense, \u00c5lborg, men derimod i resten af landet.<\/p>\n\n\n\n<p>I Dansk Elgforbund ser vi frem til at Danmarks befolkning overvejer om ikke elgen skal overtage egernets status og v\u00e6re Danmarks nationaldyr.<\/p>\n\n\n\n<p>Yderligere krav fra Dansk Elgforbund!<\/p>\n\n\n\n<p>Med en kommende stor bestand af elge i Danmark vil det naturligt at sikre dens fortsatte best\u00e5en med f\u00f8lgende, for elgen, vigtige sikkerhedskrav.<\/p>\n\n\n\n<p>1.&nbsp;At infrastrukturen \u00e6ndres totalt, s\u00e5 elge frit og uhindret kan botanisere i den danske fauna.<\/p>\n\n\n\n<p>2. At sikre en naturlig udtynding i j\u00e6gerbestanden.<\/p>\n\n\n\n<p>3. At ulven og bj\u00f8rnen (Elgens naturlige fjender) ikke f\u00e5r opholdstilladelse i Danmark.<\/p>\n\n\n\n<p>Konkret foresl\u00e5r Dansk Elgforbund:<\/p>\n\n\n\n<p>1. At vejnet og jernbaner l\u00f8ftes op i min. 3 meters h\u00f8jde.<\/p>\n\n\n\n<p>2. At der stoppes for udstedelse af jagttegn i en periode. Da det eksisterende jagtkorps har en h\u00f8j alder vil den &#8220;naturlige&#8221; afgang foreg\u00e5 hurtigt.<\/p>\n\n\n\n<p>3. At ulven og bj\u00f8rnen ikke skal have skal permanent forbud mod ophold i Danmark, men dog i en periode.<\/p>\n\n\n\n<p>Ovenn\u00e6vnte forslag vil helt sikkert v\u00e6re med til at forbedre forholdene for den Skandinaviske elg.<\/p>\n\n\n\n<p><strong>Dansk Elgforbund<\/strong><\/p>\n\n\n\n<figure class=\"wp-block-image size-large is-resized is-style-default\"><img loading=\"lazy\" decoding=\"async\" src=\"https:\/\/www.elgen.dk\/wp-content\/uploads\/2021\/02\/elgko.gif\" alt=\"\" class=\"wp-image-411\" width=\"466\" height=\"466\"\/><\/figure>\n","protected":false},"excerpt":{"rendered":"<p>&nbsp;Rimelige krav.Det har vist sig, hvad vi i Dansk Elgforbund hele tiden har vidst, at der er plads til elge i Danmark. Vi hilser med gl\u00e6de den nye unders\u00f8gelse fra DMU. (Danmarks Milj\u00f8 Unders\u00f8gelse) velkommen. Vi er dog kede af at der efter deres mening ikke er plads til elge p\u00e5 Fyn, idet vi har &#8230; <a title=\"Politik\" class=\"read-more\" href=\"https:\/\/www.elgen.dk\/?page_id=300\" aria-label=\"More on Politik\">L\u00e6s mere <\/a><\/p>\n","protected":false},"author":1,"featured_media":0,"parent":0,"menu_order":0,"comment_status":"closed","ping_status":"closed","template":"","meta":{"ngg_post_thumbnail":0,"footnotes":""},"class_list":["post-300","page","type-page","status-publish"],"jetpack_sharing_enabled":true,"_links":{"self":[{"href":"https:\/\/www.elgen.dk\/index.php?rest_route=\/wp\/v2\/pages\/300","targetHints":{"allow":["GET"]}}],"collection":[{"href":"https:\/\/www.elgen.dk\/index.php?rest_route=\/wp\/v2\/pages"}],"about":[{"href":"https:\/\/www.elgen.dk\/index.php?rest_route=\/wp\/v2\/types\/page"}],"author":[{"embeddable":true,"href":"https:\/\/www.elgen.dk\/index.php?rest_route=\/wp\/v2\/users\/1"}],"replies":[{"embeddable":true,"href":"https:\/\/www.elgen.dk\/index.php?rest_route=%2Fwp%2Fv2%2Fcomments&post=300"}],"version-history":[{"count":3,"href":"https:\/\/www.elgen.dk\/index.php?rest_route=\/wp\/v2\/pages\/300\/revisions"}],"predecessor-version":[{"id":412,"href":"https:\/\/www.elgen.dk\/index.php?rest_route=\/wp\/v2\/pages\/300\/revisions\/412"}],"wp:attachment":[{"href":"https:\/\/www.elgen.dk\/index.php?rest_route=%2Fwp%2Fv2%2Fmedia&parent=300"}],"curies":[{"name":"wp","href":"https:\/\/api.w.org\/{rel}","templated":true}]}}